{"id":14,"date":"2021-07-29T12:39:38","date_gmt":"2021-07-29T12:39:38","guid":{"rendered":"http:\/\/drcarlosdemari.com\/?page_id=14"},"modified":"2021-07-29T12:42:17","modified_gmt":"2021-07-29T12:42:17","slug":"elementor-14","status":"publish","type":"page","link":"https:\/\/demariodontologia.com.br\/index.php\/elementor-14\/","title":{"rendered":"em constru\u00e7\u00e3o"},"content":{"rendered":"\t\t<div data-elementor-type=\"wp-page\" data-elementor-id=\"14\" class=\"elementor elementor-14\" data-elementor-settings=\"[]\">\n\t\t\t\t\t\t\t<div class=\"elementor-section-wrap\">\n\t\t\t\t\t\t\t<section class=\"has_ma_el_bg_slider elementor-section elementor-top-section elementor-element elementor-element-b16c135 elementor-section-boxed elementor-section-height-default elementor-section-height-default\" data-id=\"b16c135\" data-element_type=\"section\">\n\t\t\t\t\t\t<div class=\"elementor-container elementor-column-gap-default\">\n\t\t\t\t\t<div class=\"has_ma_el_bg_slider elementor-column elementor-col-100 elementor-top-column elementor-element elementor-element-9ed097a\" data-id=\"9ed097a\" data-element_type=\"column\">\n\t\t\t<div class=\"elementor-widget-wrap elementor-element-populated\">\n\t\t\t\t\t\t\t\t<div class=\"elementor-element elementor-element-6d00528 elementor-widget elementor-widget-image\" data-id=\"6d00528\" data-element_type=\"widget\" data-widget_type=\"image.default\">\n\t\t\t\t<div class=\"elementor-widget-container\">\n\t\t\t\t\t\t\t\t\t\t\t\t\t\t\t<img decoding=\"async\" src=\"http:\/\/drcarlosdemari.com\/wp-content\/uploads\/2021\/07\/logo_menu_311ox.png\" title=\"\" alt=\"\" \/>\t\t\t\t\t\t\t\t\t\t\t\t\t\t\t<\/div>\n\t\t\t\t<\/div>\n\t\t\t\t\t<\/div>\n\t\t<\/div>\n\t\t\t\t\t\t\t<\/div>\n\t\t<\/section>\n\t\t\t\t<section class=\"has_ma_el_bg_slider elementor-section elementor-top-section elementor-element elementor-element-5c9e00a elementor-section-boxed elementor-section-height-default elementor-section-height-default\" data-id=\"5c9e00a\" data-element_type=\"section\">\n\t\t\t\t\t\t<div class=\"elementor-container elementor-column-gap-default\">\n\t\t\t\t\t<div class=\"has_ma_el_bg_slider elementor-column elementor-col-100 elementor-top-column elementor-element elementor-element-c370102\" data-id=\"c370102\" data-element_type=\"column\">\n\t\t\t<div class=\"elementor-widget-wrap elementor-element-populated\">\n\t\t\t\t\t\t\t\t<div class=\"elementor-element elementor-element-87a6543 elementor-widget elementor-widget-heading\" data-id=\"87a6543\" data-element_type=\"widget\" data-widget_type=\"heading.default\">\n\t\t\t\t<div class=\"elementor-widget-container\">\n\t\t\t<h2 class=\"elementor-heading-title elementor-size-default\">Site em constru\u00e7\u00e3o<\/h2>\t\t<\/div>\n\t\t\t\t<\/div>\n\t\t\t\t\t<\/div>\n\t\t<\/div>\n\t\t\t\t\t\t\t<\/div>\n\t\t<\/section>\n\t\t\t\t\t\t<\/div>\n\t\t\t\t\t<\/div>\n\t\t","protected":false},"excerpt":{"rendered":"<p>Site em constru\u00e7\u00e3o<\/p>\n","protected":false},"author":1,"featured_media":0,"parent":0,"menu_order":0,"comment_status":"closed","ping_status":"closed","template":"elementor_canvas","meta":{"neve_meta_sidebar":"","neve_meta_container":"","neve_meta_enable_content_width":"","neve_meta_content_width":0,"neve_meta_title_alignment":"","neve_meta_author_avatar":"","neve_post_elements_order":"","neve_meta_disable_header":"","neve_meta_disable_footer":"","neve_meta_disable_title":"","_joinchat":[],"footnotes":""},"class_list":["post-14","page","type-page","status-publish","hentry"],"yoast_head":"<!-- This site is optimized with the Yoast SEO plugin v21.1 - https:\/\/yoast.com\/wordpress\/plugins\/seo\/ -->\n<title>em constru\u00e7\u00e3o - Dr Carlos Alberto de Mari<\/title>\n<meta name=\"robots\" content=\"index, follow, max-snippet:-1, max-image-preview:large, max-video-preview:-1\" \/>\n<link rel=\"canonical\" href=\"https:\/\/demariodontologia.com.br\/index.php\/elementor-14\/\" \/>\n<meta property=\"og:locale\" content=\"pt_BR\" \/>\n<meta property=\"og:type\" content=\"article\" \/>\n<meta property=\"og:title\" content=\"em constru\u00e7\u00e3o - Dr Carlos Alberto de Mari\" \/>\n<meta property=\"og:description\" content=\"Site em constru\u00e7\u00e3o\" \/>\n<meta property=\"og:url\" content=\"https:\/\/demariodontologia.com.br\/index.php\/elementor-14\/\" \/>\n<meta property=\"og:site_name\" content=\"Dr Carlos Alberto de Mari\" \/>\n<meta property=\"article:publisher\" content=\"https:\/\/www.facebook.com\/dentistadrcarlosdemari\" \/>\n<meta property=\"article:modified_time\" content=\"2021-07-29T12:42:17+00:00\" \/>\n<meta property=\"og:image\" content=\"http:\/\/drcarlosdemari.com\/wp-content\/uploads\/2021\/07\/logo_menu_311ox.png\" \/>\n<meta name=\"twitter:card\" content=\"summary_large_image\" \/>\n<script type=\"application\/ld+json\" class=\"yoast-schema-graph\">{\"@context\":\"https:\/\/schema.org\",\"@graph\":[{\"@type\":\"WebPage\",\"@id\":\"https:\/\/demariodontologia.com.br\/index.php\/elementor-14\/\",\"url\":\"https:\/\/demariodontologia.com.br\/index.php\/elementor-14\/\",\"name\":\"em constru\u00e7\u00e3o - Dr Carlos Alberto de Mari\",\"isPartOf\":{\"@id\":\"https:\/\/demariodontologia.com.br\/#website\"},\"datePublished\":\"2021-07-29T12:39:38+00:00\",\"dateModified\":\"2021-07-29T12:42:17+00:00\",\"breadcrumb\":{\"@id\":\"https:\/\/demariodontologia.com.br\/index.php\/elementor-14\/#breadcrumb\"},\"inLanguage\":\"pt-BR\",\"potentialAction\":[{\"@type\":\"ReadAction\",\"target\":[\"https:\/\/demariodontologia.com.br\/index.php\/elementor-14\/\"]}]},{\"@type\":\"BreadcrumbList\",\"@id\":\"https:\/\/demariodontologia.com.br\/index.php\/elementor-14\/#breadcrumb\",\"itemListElement\":[{\"@type\":\"ListItem\",\"position\":1,\"name\":\"Home\",\"item\":\"https:\/\/demariodontologia.com.br\/\"},{\"@type\":\"ListItem\",\"position\":2,\"name\":\"em constru\u00e7\u00e3o\"}]},{\"@type\":\"WebSite\",\"@id\":\"https:\/\/demariodontologia.com.br\/#website\",\"url\":\"https:\/\/demariodontologia.com.br\/\",\"name\":\"Dr Carlos Alberto de Mari\",\"description\":\"\",\"publisher\":{\"@id\":\"https:\/\/demariodontologia.com.br\/#organization\"},\"potentialAction\":[{\"@type\":\"SearchAction\",\"target\":{\"@type\":\"EntryPoint\",\"urlTemplate\":\"https:\/\/demariodontologia.com.br\/?s={search_term_string}\"},\"query-input\":\"required name=search_term_string\"}],\"inLanguage\":\"pt-BR\"},{\"@type\":\"Organization\",\"@id\":\"https:\/\/demariodontologia.com.br\/#organization\",\"name\":\"Dr Carlos Alberto de Mari\",\"url\":\"https:\/\/demariodontologia.com.br\/\",\"logo\":{\"@type\":\"ImageObject\",\"inLanguage\":\"pt-BR\",\"@id\":\"https:\/\/demariodontologia.com.br\/#\/schema\/logo\/image\/\",\"url\":\"https:\/\/demariodontologia.com.br\/wp-content\/uploads\/2021\/07\/logo_novo_menu_120px.png\",\"contentUrl\":\"https:\/\/demariodontologia.com.br\/wp-content\/uploads\/2021\/07\/logo_novo_menu_120px.png\",\"width\":120,\"height\":29,\"caption\":\"Dr Carlos Alberto de Mari\"},\"image\":{\"@id\":\"https:\/\/demariodontologia.com.br\/#\/schema\/logo\/image\/\"},\"sameAs\":[\"https:\/\/www.facebook.com\/dentistadrcarlosdemari\"]}]}<\/script>\n<!-- \/ Yoast SEO plugin. -->","yoast_head_json":{"title":"em constru\u00e7\u00e3o - Dr Carlos Alberto de Mari","robots":{"index":"index","follow":"follow","max-snippet":"max-snippet:-1","max-image-preview":"max-image-preview:large","max-video-preview":"max-video-preview:-1"},"canonical":"https:\/\/demariodontologia.com.br\/index.php\/elementor-14\/","og_locale":"pt_BR","og_type":"article","og_title":"em constru\u00e7\u00e3o - Dr Carlos Alberto de Mari","og_description":"Site em constru\u00e7\u00e3o","og_url":"https:\/\/demariodontologia.com.br\/index.php\/elementor-14\/","og_site_name":"Dr Carlos Alberto de Mari","article_publisher":"https:\/\/www.facebook.com\/dentistadrcarlosdemari","article_modified_time":"2021-07-29T12:42:17+00:00","og_image":[{"url":"http:\/\/drcarlosdemari.com\/wp-content\/uploads\/2021\/07\/logo_menu_311ox.png"}],"twitter_card":"summary_large_image","schema":{"@context":"https:\/\/schema.org","@graph":[{"@type":"WebPage","@id":"https:\/\/demariodontologia.com.br\/index.php\/elementor-14\/","url":"https:\/\/demariodontologia.com.br\/index.php\/elementor-14\/","name":"em constru\u00e7\u00e3o - Dr Carlos Alberto de Mari","isPartOf":{"@id":"https:\/\/demariodontologia.com.br\/#website"},"datePublished":"2021-07-29T12:39:38+00:00","dateModified":"2021-07-29T12:42:17+00:00","breadcrumb":{"@id":"https:\/\/demariodontologia.com.br\/index.php\/elementor-14\/#breadcrumb"},"inLanguage":"pt-BR","potentialAction":[{"@type":"ReadAction","target":["https:\/\/demariodontologia.com.br\/index.php\/elementor-14\/"]}]},{"@type":"BreadcrumbList","@id":"https:\/\/demariodontologia.com.br\/index.php\/elementor-14\/#breadcrumb","itemListElement":[{"@type":"ListItem","position":1,"name":"Home","item":"https:\/\/demariodontologia.com.br\/"},{"@type":"ListItem","position":2,"name":"em constru\u00e7\u00e3o"}]},{"@type":"WebSite","@id":"https:\/\/demariodontologia.com.br\/#website","url":"https:\/\/demariodontologia.com.br\/","name":"Dr Carlos Alberto de Mari","description":"","publisher":{"@id":"https:\/\/demariodontologia.com.br\/#organization"},"potentialAction":[{"@type":"SearchAction","target":{"@type":"EntryPoint","urlTemplate":"https:\/\/demariodontologia.com.br\/?s={search_term_string}"},"query-input":"required name=search_term_string"}],"inLanguage":"pt-BR"},{"@type":"Organization","@id":"https:\/\/demariodontologia.com.br\/#organization","name":"Dr Carlos Alberto de Mari","url":"https:\/\/demariodontologia.com.br\/","logo":{"@type":"ImageObject","inLanguage":"pt-BR","@id":"https:\/\/demariodontologia.com.br\/#\/schema\/logo\/image\/","url":"https:\/\/demariodontologia.com.br\/wp-content\/uploads\/2021\/07\/logo_novo_menu_120px.png","contentUrl":"https:\/\/demariodontologia.com.br\/wp-content\/uploads\/2021\/07\/logo_novo_menu_120px.png","width":120,"height":29,"caption":"Dr Carlos Alberto de Mari"},"image":{"@id":"https:\/\/demariodontologia.com.br\/#\/schema\/logo\/image\/"},"sameAs":["https:\/\/www.facebook.com\/dentistadrcarlosdemari"]}]}},"_links":{"self":[{"href":"https:\/\/demariodontologia.com.br\/index.php\/wp-json\/wp\/v2\/pages\/14","targetHints":{"allow":["GET"]}}],"collection":[{"href":"https:\/\/demariodontologia.com.br\/index.php\/wp-json\/wp\/v2\/pages"}],"about":[{"href":"https:\/\/demariodontologia.com.br\/index.php\/wp-json\/wp\/v2\/types\/page"}],"author":[{"embeddable":true,"href":"https:\/\/demariodontologia.com.br\/index.php\/wp-json\/wp\/v2\/users\/1"}],"replies":[{"embeddable":true,"href":"https:\/\/demariodontologia.com.br\/index.php\/wp-json\/wp\/v2\/comments?post=14"}],"version-history":[{"count":5,"href":"https:\/\/demariodontologia.com.br\/index.php\/wp-json\/wp\/v2\/pages\/14\/revisions"}],"predecessor-version":[{"id":20,"href":"https:\/\/demariodontologia.com.br\/index.php\/wp-json\/wp\/v2\/pages\/14\/revisions\/20"}],"wp:attachment":[{"href":"https:\/\/demariodontologia.com.br\/index.php\/wp-json\/wp\/v2\/media?parent=14"}],"curies":[{"name":"wp","href":"https:\/\/api.w.org\/{rel}","templated":true}]}}