{"id":26,"date":"2021-07-29T23:48:34","date_gmt":"2021-07-29T23:48:34","guid":{"rendered":"http:\/\/drcarlosdemari.com\/?page_id=26"},"modified":"2024-12-19T18:07:26","modified_gmt":"2024-12-19T18:07:26","slug":"contato","status":"publish","type":"page","link":"https:\/\/demariodontologia.com.br\/index.php\/contato\/","title":{"rendered":"contato"},"content":{"rendered":"\t\t<div data-elementor-type=\"wp-page\" data-elementor-id=\"26\" class=\"elementor elementor-26\" data-elementor-settings=\"[]\">\n\t\t\t\t\t\t\t<div class=\"elementor-section-wrap\">\n\t\t\t\t\t\t\t<section class=\"has_ma_el_bg_slider elementor-section elementor-top-section elementor-element elementor-element-b1f2c35 elementor-section-boxed elementor-section-height-default elementor-section-height-default\" data-id=\"b1f2c35\" data-element_type=\"section\">\n\t\t\t\t\t\t<div class=\"elementor-container elementor-column-gap-default\">\n\t\t\t\t\t<div class=\"has_ma_el_bg_slider elementor-column elementor-col-100 elementor-top-column elementor-element elementor-element-84d47cf\" data-id=\"84d47cf\" data-element_type=\"column\">\n\t\t\t<div class=\"elementor-widget-wrap elementor-element-populated\">\n\t\t\t\t\t\t\t\t<div class=\"elementor-element elementor-element-b1c37d0 elementor-widget elementor-widget-heading\" data-id=\"b1c37d0\" data-element_type=\"widget\" data-widget_type=\"heading.default\">\n\t\t\t\t<div class=\"elementor-widget-container\">\n\t\t\t<h2 class=\"elementor-heading-title elementor-size-default\">ENTRE EM CONTATO<\/h2>\t\t<\/div>\n\t\t\t\t<\/div>\n\t\t\t\t\t<\/div>\n\t\t<\/div>\n\t\t\t\t\t\t\t<\/div>\n\t\t<\/section>\n\t\t\t\t<section class=\"has_ma_el_bg_slider elementor-section elementor-top-section elementor-element elementor-element-d0c2e8f elementor-section-boxed elementor-section-height-default elementor-section-height-default\" data-id=\"d0c2e8f\" data-element_type=\"section\">\n\t\t\t\t\t\t<div class=\"elementor-container elementor-column-gap-default\">\n\t\t\t\t\t<div class=\"has_ma_el_bg_slider elementor-column elementor-col-50 elementor-top-column elementor-element elementor-element-3ae148a\" data-id=\"3ae148a\" data-element_type=\"column\">\n\t\t\t<div class=\"elementor-widget-wrap elementor-element-populated\">\n\t\t\t\t\t\t\t\t<div class=\"elementor-element elementor-element-740fdf6 elementor-widget elementor-widget-heading\" data-id=\"740fdf6\" data-element_type=\"widget\" data-widget_type=\"heading.default\">\n\t\t\t\t<div class=\"elementor-widget-container\">\n\t\t\t<h2 class=\"elementor-heading-title elementor-size-default\">Lajeado<\/h2>\t\t<\/div>\n\t\t\t\t<\/div>\n\t\t\t\t<div class=\"elementor-element elementor-element-7e271af elementor-widget elementor-widget-text-editor\" data-id=\"7e271af\" data-element_type=\"widget\" data-widget_type=\"text-editor.default\">\n\t\t\t\t<div class=\"elementor-widget-container\">\n\t\t\t\t\t\t\t\t<p>Rua Miguel Tostes, 180 \u2013 Sala 404<br \/>Bairro S\u00e3o Crist\u00f3v\u00e3o<br \/>Fixo: (51) 3748.6467 (liga\u00e7\u00e3o e WhatsApp)<br \/>Celular<span style=\"font-family: var( --e-global-typography-text-font-family ), Sans-serif; font-weight: var( --e-global-typography-text-font-weight ); background-color: var(--nv-site-bg);\">: (51) 99940.0648\u00a0<\/span><span style=\"font-family: var( --e-global-typography-text-font-family ), Sans-serif; font-weight: var( --e-global-typography-text-font-weight ); background-color: var(--nv-site-bg);\">(liga\u00e7\u00e3o e WhatsApp)<\/span><\/p>\t\t\t\t\t\t<\/div>\n\t\t\t\t<\/div>\n\t\t\t\t<div class=\"elementor-element elementor-element-b5e845f elementor-button-info elementor-widget elementor-widget-button\" data-id=\"b5e845f\" data-element_type=\"widget\" data-widget_type=\"button.default\">\n\t\t\t\t<div class=\"elementor-widget-container\">\n\t\t\t\t\t<div class=\"elementor-button-wrapper\">\n\t\t\t<a href=\"https:\/\/api.whatsapp.com\/send?phone=5551999400648\" target=\"_blank\" class=\"elementor-button-link elementor-button elementor-size-sm\" role=\"button\">\n\t\t\t\t\t\t<span class=\"elementor-button-content-wrapper\">\n\t\t\t\t\t\t<span class=\"elementor-button-icon elementor-align-icon-left\">\n\t\t\t\t<i aria-hidden=\"true\" class=\"fab fa-whatsapp\"><\/i>\t\t\t<\/span>\n\t\t\t\t\t\t<span class=\"elementor-button-text\">Agende uma consulta<\/span>\n\t\t<\/span>\n\t\t\t\t\t<\/a>\n\t\t<\/div>\n\t\t\t\t<\/div>\n\t\t\t\t<\/div>\n\t\t\t\t<div class=\"elementor-element elementor-element-e23d29b elementor-widget-divider--view-line elementor-widget elementor-widget-divider\" data-id=\"e23d29b\" data-element_type=\"widget\" data-widget_type=\"divider.default\">\n\t\t\t\t<div class=\"elementor-widget-container\">\n\t\t\t\t\t<div class=\"elementor-divider\">\n\t\t\t<span class=\"elementor-divider-separator\">\n\t\t\t\t\t\t<\/span>\n\t\t<\/div>\n\t\t\t\t<\/div>\n\t\t\t\t<\/div>\n\t\t\t\t<div class=\"elementor-element elementor-element-9a12ada elementor-widget elementor-widget-heading\" data-id=\"9a12ada\" data-element_type=\"widget\" data-widget_type=\"heading.default\">\n\t\t\t\t<div class=\"elementor-widget-container\">\n\t\t\t<h2 class=\"elementor-heading-title elementor-size-default\">Marques de Souza<\/h2>\t\t<\/div>\n\t\t\t\t<\/div>\n\t\t\t\t<div class=\"elementor-element elementor-element-44d2da5 elementor-widget elementor-widget-text-editor\" data-id=\"44d2da5\" data-element_type=\"widget\" data-widget_type=\"text-editor.default\">\n\t\t\t\t<div class=\"elementor-widget-container\">\n\t\t\t\t\t\t\t\t<p>Rua 24 de Maio, 120<br \/>Bairro Centro<br \/>Fixo: (51) 3705.1100 (somente\u00a0 WhatsApp)<br \/>Celular: (51) 98029.1040\u00a0<span style=\"font-family: var( --e-global-typography-text-font-family ), Sans-serif; font-weight: var( --e-global-typography-text-font-weight ); background-color: var(--nv-site-bg);\">(liga\u00e7\u00e3o e WhatsApp)<\/span><\/p>\t\t\t\t\t\t<\/div>\n\t\t\t\t<\/div>\n\t\t\t\t<div class=\"elementor-element elementor-element-2ee0f0f elementor-button-info elementor-widget elementor-widget-button\" data-id=\"2ee0f0f\" data-element_type=\"widget\" data-widget_type=\"button.default\">\n\t\t\t\t<div class=\"elementor-widget-container\">\n\t\t\t\t\t<div class=\"elementor-button-wrapper\">\n\t\t\t<a href=\"https:\/\/api.whatsapp.com\/send?phone=5551980291040\" target=\"_blank\" class=\"elementor-button-link elementor-button elementor-size-sm\" role=\"button\">\n\t\t\t\t\t\t<span class=\"elementor-button-content-wrapper\">\n\t\t\t\t\t\t<span class=\"elementor-button-icon elementor-align-icon-left\">\n\t\t\t\t<i aria-hidden=\"true\" class=\"fab fa-whatsapp\"><\/i>\t\t\t<\/span>\n\t\t\t\t\t\t<span class=\"elementor-button-text\">Agende uma consulta<\/span>\n\t\t<\/span>\n\t\t\t\t\t<\/a>\n\t\t<\/div>\n\t\t\t\t<\/div>\n\t\t\t\t<\/div>\n\t\t\t\t\t<\/div>\n\t\t<\/div>\n\t\t\t\t<div class=\"has_ma_el_bg_slider elementor-column elementor-col-50 elementor-top-column elementor-element elementor-element-3e795da\" data-id=\"3e795da\" data-element_type=\"column\">\n\t\t\t<div class=\"elementor-widget-wrap elementor-element-populated\">\n\t\t\t\t\t\t\t\t<div class=\"elementor-element elementor-element-4a58b65 elementor-hidden-desktop elementor-widget-divider--view-line elementor-widget elementor-widget-divider\" data-id=\"4a58b65\" data-element_type=\"widget\" data-widget_type=\"divider.default\">\n\t\t\t\t<div class=\"elementor-widget-container\">\n\t\t\t\t\t<div class=\"elementor-divider\">\n\t\t\t<span class=\"elementor-divider-separator\">\n\t\t\t\t\t\t<\/span>\n\t\t<\/div>\n\t\t\t\t<\/div>\n\t\t\t\t<\/div>\n\t\t\t\t<div class=\"elementor-element elementor-element-57ef73c elementor-widget elementor-widget-text-editor\" data-id=\"57ef73c\" data-element_type=\"widget\" data-widget_type=\"text-editor.default\">\n\t\t\t\t<div class=\"elementor-widget-container\">\n\t\t\t\t\t\t\t\t<p>Preencha os campos abaixo e entraremos em contato com voc\u00ea!<\/p>\t\t\t\t\t\t<\/div>\n\t\t\t\t<\/div>\n\t\t\t\t<div class=\"elementor-element elementor-element-2c23b35 elementor-widget elementor-widget-wpforms\" data-id=\"2c23b35\" data-element_type=\"widget\" data-widget_type=\"wpforms.default\">\n\t\t\t\t<div class=\"elementor-widget-container\">\n\t\t\t<div class=\"wpforms-container wpforms-container-full\" id=\"wpforms-587\"><form id=\"wpforms-form-587\" class=\"wpforms-validate wpforms-form wpforms-ajax-form\" data-formid=\"587\" method=\"post\" enctype=\"multipart\/form-data\" action=\"\/index.php\/wp-json\/wp\/v2\/pages\/26\" data-token=\"1d6e72f6f960b66bb1b86c6eb12bd63e\"><noscript class=\"wpforms-error-noscript\">Ative o JavaScript no seu navegador para preencher este formul\u00e1rio.<\/noscript><div class=\"wpforms-field-container\"><div id=\"wpforms-587-field_0-container\" class=\"wpforms-field wpforms-field-name\" data-field-id=\"0\"><label class=\"wpforms-field-label\" for=\"wpforms-587-field_0\">Nome <span class=\"wpforms-required-label\">*<\/span><\/label><div class=\"wpforms-field-row wpforms-field-medium\"><div class=\"wpforms-field-row-block wpforms-first wpforms-one-half\"><input type=\"text\" id=\"wpforms-587-field_0\" class=\"wpforms-field-name-first wpforms-field-required\" name=\"wpforms[fields][0][first]\" required><label for=\"wpforms-587-field_0\" class=\"wpforms-field-sublabel after \">Nome<\/label><\/div><div class=\"wpforms-field-row-block wpforms-one-half\"><input type=\"text\" id=\"wpforms-587-field_0-last\" class=\"wpforms-field-name-last wpforms-field-required\" name=\"wpforms[fields][0][last]\" required><label for=\"wpforms-587-field_0-last\" class=\"wpforms-field-sublabel after \">Sobrenome<\/label><\/div><\/div><\/div><div id=\"wpforms-587-field_1-container\" class=\"wpforms-field wpforms-field-email\" data-field-id=\"1\"><label class=\"wpforms-field-label\" for=\"wpforms-587-field_1\">Email <span class=\"wpforms-required-label\">*<\/span><\/label><input type=\"email\" id=\"wpforms-587-field_1\" class=\"wpforms-field-medium wpforms-field-required\" name=\"wpforms[fields][1]\" required><\/div><div id=\"wpforms-587-field_2-container\" class=\"wpforms-field wpforms-field-textarea\" data-field-id=\"2\"><label class=\"wpforms-field-label\" for=\"wpforms-587-field_2\">Mensagem <span class=\"wpforms-required-label\">*<\/span><\/label><textarea id=\"wpforms-587-field_2\" class=\"wpforms-field-medium wpforms-field-required\" name=\"wpforms[fields][2]\" required><\/textarea><\/div><\/div><div class=\"wpforms-submit-container\" ><input type=\"hidden\" name=\"wpforms[id]\" value=\"587\"><input type=\"hidden\" name=\"wpforms[author]\" value=\"1\"><button type=\"submit\" name=\"wpforms[submit]\" class=\"wpforms-submit \" id=\"wpforms-submit-587\" value=\"wpforms-submit\" aria-live=\"assertive\" data-alt-text=\"Sending...\" data-submit-text=\"Enviar\">Enviar<\/button><img loading=\"lazy\" decoding=\"async\" src=\"https:\/\/demariodontologia.com.br\/wp-content\/plugins\/wpforms-lite\/assets\/images\/submit-spin.svg\" class=\"wpforms-submit-spinner\" style=\"display: none;\" width=\"26\" height=\"26\" alt=\"\"><\/div><\/form><\/div>  <!-- .wpforms-container -->\t\t<\/div>\n\t\t\t\t<\/div>\n\t\t\t\t\t<\/div>\n\t\t<\/div>\n\t\t\t\t\t\t\t<\/div>\n\t\t<\/section>\n\t\t\t\t\t\t<\/div>\n\t\t\t\t\t<\/div>\n\t\t","protected":false},"excerpt":{"rendered":"<p>ENTRE EM CONTATO Lajeado Rua Miguel Tostes, 180 \u2013 Sala 404Bairro S\u00e3o Crist\u00f3v\u00e3oFixo: (51) 3748.6467 (liga\u00e7\u00e3o e WhatsApp)Celular: (51) 99940.0648\u00a0(liga\u00e7\u00e3o e WhatsApp) Agende uma consulta Marques de Souza Rua 24 de Maio, 120Bairro CentroFixo: (51) 3705.1100 (somente\u00a0 WhatsApp)Celular: (51) 98029.1040\u00a0(liga\u00e7\u00e3o e WhatsApp) Agende uma consulta Preencha os campos abaixo e entraremos em contato com voc\u00ea!<\/p>\n","protected":false},"author":1,"featured_media":0,"parent":0,"menu_order":0,"comment_status":"closed","ping_status":"closed","template":"page-templates\/template-pagebuilder-full-width.php","meta":{"neve_meta_sidebar":"full-width","neve_meta_container":"","neve_meta_enable_content_width":"on","neve_meta_content_width":100,"neve_meta_title_alignment":"","neve_meta_author_avatar":"","neve_post_elements_order":"","neve_meta_disable_header":"","neve_meta_disable_footer":"","neve_meta_disable_title":"","_joinchat":[],"footnotes":""},"class_list":["post-26","page","type-page","status-publish","hentry"],"yoast_head":"<!-- This site is optimized with the Yoast SEO plugin v21.1 - https:\/\/yoast.com\/wordpress\/plugins\/seo\/ -->\n<title>contato - Dr Carlos Alberto de Mari<\/title>\n<meta name=\"robots\" content=\"index, follow, max-snippet:-1, max-image-preview:large, max-video-preview:-1\" \/>\n<link rel=\"canonical\" href=\"https:\/\/demariodontologia.com.br\/index.php\/contato\/\" \/>\n<meta property=\"og:locale\" content=\"pt_BR\" \/>\n<meta property=\"og:type\" content=\"article\" \/>\n<meta property=\"og:title\" content=\"contato - Dr Carlos Alberto de Mari\" \/>\n<meta property=\"og:description\" content=\"ENTRE EM CONTATO Lajeado Rua Miguel Tostes, 180 \u2013 Sala 404Bairro S\u00e3o Crist\u00f3v\u00e3oFixo: (51) 3748.6467 (liga\u00e7\u00e3o e WhatsApp)Celular: (51) 99940.0648\u00a0(liga\u00e7\u00e3o e WhatsApp) Agende uma consulta Marques de Souza Rua 24 de Maio, 120Bairro CentroFixo: (51) 3705.1100 (somente\u00a0 WhatsApp)Celular: (51) 98029.1040\u00a0(liga\u00e7\u00e3o e WhatsApp) Agende uma consulta Preencha os campos abaixo e entraremos em contato com voc\u00ea!\" \/>\n<meta property=\"og:url\" content=\"https:\/\/demariodontologia.com.br\/index.php\/contato\/\" \/>\n<meta property=\"og:site_name\" content=\"Dr Carlos Alberto de Mari\" \/>\n<meta property=\"article:publisher\" content=\"https:\/\/www.facebook.com\/dentistadrcarlosdemari\" \/>\n<meta property=\"article:modified_time\" content=\"2024-12-19T18:07:26+00:00\" \/>\n<meta name=\"twitter:card\" content=\"summary_large_image\" \/>\n<meta name=\"twitter:label1\" content=\"Est. tempo de leitura\" \/>\n\t<meta name=\"twitter:data1\" content=\"1 minuto\" \/>\n<script type=\"application\/ld+json\" class=\"yoast-schema-graph\">{\"@context\":\"https:\/\/schema.org\",\"@graph\":[{\"@type\":\"WebPage\",\"@id\":\"https:\/\/demariodontologia.com.br\/index.php\/contato\/\",\"url\":\"https:\/\/demariodontologia.com.br\/index.php\/contato\/\",\"name\":\"contato - Dr Carlos Alberto de Mari\",\"isPartOf\":{\"@id\":\"https:\/\/demariodontologia.com.br\/#website\"},\"datePublished\":\"2021-07-29T23:48:34+00:00\",\"dateModified\":\"2024-12-19T18:07:26+00:00\",\"breadcrumb\":{\"@id\":\"https:\/\/demariodontologia.com.br\/index.php\/contato\/#breadcrumb\"},\"inLanguage\":\"pt-BR\",\"potentialAction\":[{\"@type\":\"ReadAction\",\"target\":[\"https:\/\/demariodontologia.com.br\/index.php\/contato\/\"]}]},{\"@type\":\"BreadcrumbList\",\"@id\":\"https:\/\/demariodontologia.com.br\/index.php\/contato\/#breadcrumb\",\"itemListElement\":[{\"@type\":\"ListItem\",\"position\":1,\"name\":\"Home\",\"item\":\"https:\/\/demariodontologia.com.br\/\"},{\"@type\":\"ListItem\",\"position\":2,\"name\":\"contato\"}]},{\"@type\":\"WebSite\",\"@id\":\"https:\/\/demariodontologia.com.br\/#website\",\"url\":\"https:\/\/demariodontologia.com.br\/\",\"name\":\"Dr Carlos Alberto de Mari\",\"description\":\"\",\"publisher\":{\"@id\":\"https:\/\/demariodontologia.com.br\/#organization\"},\"potentialAction\":[{\"@type\":\"SearchAction\",\"target\":{\"@type\":\"EntryPoint\",\"urlTemplate\":\"https:\/\/demariodontologia.com.br\/?s={search_term_string}\"},\"query-input\":\"required name=search_term_string\"}],\"inLanguage\":\"pt-BR\"},{\"@type\":\"Organization\",\"@id\":\"https:\/\/demariodontologia.com.br\/#organization\",\"name\":\"Dr Carlos Alberto de Mari\",\"url\":\"https:\/\/demariodontologia.com.br\/\",\"logo\":{\"@type\":\"ImageObject\",\"inLanguage\":\"pt-BR\",\"@id\":\"https:\/\/demariodontologia.com.br\/#\/schema\/logo\/image\/\",\"url\":\"https:\/\/demariodontologia.com.br\/wp-content\/uploads\/2021\/07\/logo_novo_menu_120px.png\",\"contentUrl\":\"https:\/\/demariodontologia.com.br\/wp-content\/uploads\/2021\/07\/logo_novo_menu_120px.png\",\"width\":120,\"height\":29,\"caption\":\"Dr Carlos Alberto de Mari\"},\"image\":{\"@id\":\"https:\/\/demariodontologia.com.br\/#\/schema\/logo\/image\/\"},\"sameAs\":[\"https:\/\/www.facebook.com\/dentistadrcarlosdemari\"]}]}<\/script>\n<!-- \/ Yoast SEO plugin. -->","yoast_head_json":{"title":"contato - Dr Carlos Alberto de Mari","robots":{"index":"index","follow":"follow","max-snippet":"max-snippet:-1","max-image-preview":"max-image-preview:large","max-video-preview":"max-video-preview:-1"},"canonical":"https:\/\/demariodontologia.com.br\/index.php\/contato\/","og_locale":"pt_BR","og_type":"article","og_title":"contato - Dr Carlos Alberto de Mari","og_description":"ENTRE EM CONTATO Lajeado Rua Miguel Tostes, 180 \u2013 Sala 404Bairro S\u00e3o Crist\u00f3v\u00e3oFixo: (51) 3748.6467 (liga\u00e7\u00e3o e WhatsApp)Celular: (51) 99940.0648\u00a0(liga\u00e7\u00e3o e WhatsApp) Agende uma consulta Marques de Souza Rua 24 de Maio, 120Bairro CentroFixo: (51) 3705.1100 (somente\u00a0 WhatsApp)Celular: (51) 98029.1040\u00a0(liga\u00e7\u00e3o e WhatsApp) Agende uma consulta Preencha os campos abaixo e entraremos em contato com voc\u00ea!","og_url":"https:\/\/demariodontologia.com.br\/index.php\/contato\/","og_site_name":"Dr Carlos Alberto de Mari","article_publisher":"https:\/\/www.facebook.com\/dentistadrcarlosdemari","article_modified_time":"2024-12-19T18:07:26+00:00","twitter_card":"summary_large_image","twitter_misc":{"Est. tempo de leitura":"1 minuto"},"schema":{"@context":"https:\/\/schema.org","@graph":[{"@type":"WebPage","@id":"https:\/\/demariodontologia.com.br\/index.php\/contato\/","url":"https:\/\/demariodontologia.com.br\/index.php\/contato\/","name":"contato - Dr Carlos Alberto de Mari","isPartOf":{"@id":"https:\/\/demariodontologia.com.br\/#website"},"datePublished":"2021-07-29T23:48:34+00:00","dateModified":"2024-12-19T18:07:26+00:00","breadcrumb":{"@id":"https:\/\/demariodontologia.com.br\/index.php\/contato\/#breadcrumb"},"inLanguage":"pt-BR","potentialAction":[{"@type":"ReadAction","target":["https:\/\/demariodontologia.com.br\/index.php\/contato\/"]}]},{"@type":"BreadcrumbList","@id":"https:\/\/demariodontologia.com.br\/index.php\/contato\/#breadcrumb","itemListElement":[{"@type":"ListItem","position":1,"name":"Home","item":"https:\/\/demariodontologia.com.br\/"},{"@type":"ListItem","position":2,"name":"contato"}]},{"@type":"WebSite","@id":"https:\/\/demariodontologia.com.br\/#website","url":"https:\/\/demariodontologia.com.br\/","name":"Dr Carlos Alberto de Mari","description":"","publisher":{"@id":"https:\/\/demariodontologia.com.br\/#organization"},"potentialAction":[{"@type":"SearchAction","target":{"@type":"EntryPoint","urlTemplate":"https:\/\/demariodontologia.com.br\/?s={search_term_string}"},"query-input":"required name=search_term_string"}],"inLanguage":"pt-BR"},{"@type":"Organization","@id":"https:\/\/demariodontologia.com.br\/#organization","name":"Dr Carlos Alberto de Mari","url":"https:\/\/demariodontologia.com.br\/","logo":{"@type":"ImageObject","inLanguage":"pt-BR","@id":"https:\/\/demariodontologia.com.br\/#\/schema\/logo\/image\/","url":"https:\/\/demariodontologia.com.br\/wp-content\/uploads\/2021\/07\/logo_novo_menu_120px.png","contentUrl":"https:\/\/demariodontologia.com.br\/wp-content\/uploads\/2021\/07\/logo_novo_menu_120px.png","width":120,"height":29,"caption":"Dr Carlos Alberto de Mari"},"image":{"@id":"https:\/\/demariodontologia.com.br\/#\/schema\/logo\/image\/"},"sameAs":["https:\/\/www.facebook.com\/dentistadrcarlosdemari"]}]}},"_links":{"self":[{"href":"https:\/\/demariodontologia.com.br\/index.php\/wp-json\/wp\/v2\/pages\/26","targetHints":{"allow":["GET"]}}],"collection":[{"href":"https:\/\/demariodontologia.com.br\/index.php\/wp-json\/wp\/v2\/pages"}],"about":[{"href":"https:\/\/demariodontologia.com.br\/index.php\/wp-json\/wp\/v2\/types\/page"}],"author":[{"embeddable":true,"href":"https:\/\/demariodontologia.com.br\/index.php\/wp-json\/wp\/v2\/users\/1"}],"replies":[{"embeddable":true,"href":"https:\/\/demariodontologia.com.br\/index.php\/wp-json\/wp\/v2\/comments?post=26"}],"version-history":[{"count":73,"href":"https:\/\/demariodontologia.com.br\/index.php\/wp-json\/wp\/v2\/pages\/26\/revisions"}],"predecessor-version":[{"id":1046,"href":"https:\/\/demariodontologia.com.br\/index.php\/wp-json\/wp\/v2\/pages\/26\/revisions\/1046"}],"wp:attachment":[{"href":"https:\/\/demariodontologia.com.br\/index.php\/wp-json\/wp\/v2\/media?parent=26"}],"curies":[{"name":"wp","href":"https:\/\/api.w.org\/{rel}","templated":true}]}}