{"id":28,"date":"2021-07-29T23:48:55","date_gmt":"2021-07-29T23:48:55","guid":{"rendered":"http:\/\/drcarlosdemari.com\/?page_id=28"},"modified":"2026-05-11T19:03:46","modified_gmt":"2026-05-11T19:03:46","slug":"equipe","status":"publish","type":"page","link":"https:\/\/demariodontologia.com.br\/index.php\/equipe\/","title":{"rendered":"equipe"},"content":{"rendered":"\t\t<div data-elementor-type=\"wp-page\" data-elementor-id=\"28\" class=\"elementor elementor-28\" data-elementor-settings=\"[]\">\n\t\t\t\t\t\t\t<div class=\"elementor-section-wrap\">\n\t\t\t\t\t\t\t<section class=\"has_ma_el_bg_slider elementor-section elementor-top-section elementor-element elementor-element-50324282 elementor-section-height-min-height elementor-section-boxed elementor-section-height-default elementor-section-items-middle\" data-id=\"50324282\" data-element_type=\"section\" data-settings=\"{&quot;background_background&quot;:&quot;classic&quot;}\">\n\t\t\t\t\t\t\t<div class=\"elementor-background-overlay\"><\/div>\n\t\t\t\t\t\t\t<div class=\"elementor-container elementor-column-gap-default\">\n\t\t\t\t\t<div class=\"has_ma_el_bg_slider elementor-column elementor-col-100 elementor-top-column elementor-element elementor-element-5d8cbb9c\" data-id=\"5d8cbb9c\" data-element_type=\"column\">\n\t\t\t<div class=\"elementor-widget-wrap\">\n\t\t\t\t\t\t\t\t\t<\/div>\n\t\t<\/div>\n\t\t\t\t\t\t\t<\/div>\n\t\t<\/section>\n\t\t\t\t<section class=\"has_ma_el_bg_slider elementor-section elementor-top-section elementor-element elementor-element-5a4f356 elementor-section-full_width elementor-section-height-min-height elementor-section-height-default elementor-section-items-middle\" data-id=\"5a4f356\" data-element_type=\"section\" data-settings=\"{&quot;background_background&quot;:&quot;classic&quot;}\">\n\t\t\t\t\t\t<div class=\"elementor-container elementor-column-gap-default\">\n\t\t\t\t\t<div class=\"has_ma_el_bg_slider elementor-column elementor-col-100 elementor-top-column elementor-element elementor-element-1cd7c0c\" data-id=\"1cd7c0c\" data-element_type=\"column\">\n\t\t\t<div class=\"elementor-widget-wrap elementor-element-populated\">\n\t\t\t\t\t\t\t\t<div class=\"elementor-element elementor-element-d238572 elementor-widget elementor-widget-heading\" data-id=\"d238572\" data-element_type=\"widget\" data-widget_type=\"heading.default\">\n\t\t\t\t<div class=\"elementor-widget-container\">\n\t\t\t<h2 class=\"elementor-heading-title elementor-size-default\">Nossa Equipe<\/h2>\t\t<\/div>\n\t\t\t\t<\/div>\n\t\t\t\t\t<\/div>\n\t\t<\/div>\n\t\t\t\t\t\t\t<\/div>\n\t\t<\/section>\n\t\t\t\t<section class=\"has_ma_el_bg_slider elementor-section elementor-top-section elementor-element elementor-element-f443748 elementor-section-boxed elementor-section-height-default elementor-section-height-default\" data-id=\"f443748\" data-element_type=\"section\">\n\t\t\t\t\t\t<div class=\"elementor-container elementor-column-gap-default\">\n\t\t\t\t\t<div class=\"has_ma_el_bg_slider elementor-column elementor-col-100 elementor-top-column elementor-element elementor-element-2afd6e3\" data-id=\"2afd6e3\" data-element_type=\"column\">\n\t\t\t<div class=\"elementor-widget-wrap elementor-element-populated\">\n\t\t\t\t\t\t\t\t<div class=\"elementor-element elementor-element-e4233e7 elementor-widget elementor-widget-text-editor\" data-id=\"e4233e7\" data-element_type=\"widget\" data-widget_type=\"text-editor.default\">\n\t\t\t\t<div class=\"elementor-widget-container\">\n\t\t\t\t\t\t\t\t<p>Possu\u00edmos uma equipe multidisciplinar com a miss\u00e3o de restabelecer sua sa\u00fade bucal e seu bem-estar.<\/p>\t\t\t\t\t\t<\/div>\n\t\t\t\t<\/div>\n\t\t\t\t\t<\/div>\n\t\t<\/div>\n\t\t\t\t\t\t\t<\/div>\n\t\t<\/section>\n\t\t\t\t<section class=\"has_ma_el_bg_slider elementor-section elementor-top-section elementor-element elementor-element-df3dcbb elementor-section-height-min-height elementor-section-boxed elementor-section-height-default elementor-section-items-middle\" data-id=\"df3dcbb\" data-element_type=\"section\">\n\t\t\t\t\t\t<div class=\"elementor-container elementor-column-gap-default\">\n\t\t\t\t\t<div class=\"has_ma_el_bg_slider elementor-column elementor-col-33 elementor-top-column elementor-element elementor-element-6a06752\" data-id=\"6a06752\" data-element_type=\"column\">\n\t\t\t<div class=\"elementor-widget-wrap elementor-element-populated\">\n\t\t\t\t\t\t\t\t<div class=\"elementor-element elementor-element-ec1c158 elementor-widget elementor-widget-image\" data-id=\"ec1c158\" data-element_type=\"widget\" data-widget_type=\"image.default\">\n\t\t\t\t<div class=\"elementor-widget-container\">\n\t\t\t\t\t\t\t\t\t\t\t\t\t\t\t<img decoding=\"async\" src=\"https:\/\/demariodontologia.com.br\/wp-content\/uploads\/2021\/07\/carlos-3.png\" title=\"carlos\" alt=\"carlos\" \/>\t\t\t\t\t\t\t\t\t\t\t\t\t\t\t<\/div>\n\t\t\t\t<\/div>\n\t\t\t\t<div class=\"elementor-element elementor-element-7d2ffea elementor-widget elementor-widget-heading\" data-id=\"7d2ffea\" data-element_type=\"widget\" data-widget_type=\"heading.default\">\n\t\t\t\t<div class=\"elementor-widget-container\">\n\t\t\t<h2 class=\"elementor-heading-title elementor-size-default\">Dr. Carlos Alberto De Mari<\/h2>\t\t<\/div>\n\t\t\t\t<\/div>\n\t\t\t\t<div class=\"elementor-element elementor-element-8842a39 elementor-widget elementor-widget-text-editor\" data-id=\"8842a39\" data-element_type=\"widget\" data-widget_type=\"text-editor.default\">\n\t\t\t\t<div class=\"elementor-widget-container\">\n\t\t\t\t\t\t\t\t<p>Cirurgi\u00e3o-Dentista<br \/>CRO 10011<\/p>\t\t\t\t\t\t<\/div>\n\t\t\t\t<\/div>\n\t\t\t\t\t<\/div>\n\t\t<\/div>\n\t\t\t\t<div class=\"has_ma_el_bg_slider elementor-column elementor-col-33 elementor-top-column elementor-element elementor-element-85b6e06\" data-id=\"85b6e06\" data-element_type=\"column\">\n\t\t\t<div class=\"elementor-widget-wrap elementor-element-populated\">\n\t\t\t\t\t\t\t\t<div class=\"elementor-element elementor-element-506c15b elementor-widget elementor-widget-image\" data-id=\"506c15b\" data-element_type=\"widget\" data-widget_type=\"image.default\">\n\t\t\t\t<div class=\"elementor-widget-container\">\n\t\t\t\t\t\t\t\t\t\t\t\t\t\t\t<img loading=\"lazy\" decoding=\"async\" width=\"200\" height=\"200\" src=\"https:\/\/demariodontologia.com.br\/wp-content\/uploads\/2025\/09\/gustavo_ok.png\" class=\"attachment-large size-large\" alt=\"\" srcset=\"https:\/\/demariodontologia.com.br\/wp-content\/uploads\/2025\/09\/gustavo_ok.png 200w, https:\/\/demariodontologia.com.br\/wp-content\/uploads\/2025\/09\/gustavo_ok-150x150.png 150w\" sizes=\"auto, (max-width: 200px) 100vw, 200px\" \/>\t\t\t\t\t\t\t\t\t\t\t\t\t\t\t<\/div>\n\t\t\t\t<\/div>\n\t\t\t\t<div class=\"elementor-element elementor-element-ab8a654 elementor-widget elementor-widget-heading\" data-id=\"ab8a654\" data-element_type=\"widget\" data-widget_type=\"heading.default\">\n\t\t\t\t<div class=\"elementor-widget-container\">\n\t\t\t<h2 class=\"elementor-heading-title elementor-size-default\">Gustavo Schneider De Mari<\/h2>\t\t<\/div>\n\t\t\t\t<\/div>\n\t\t\t\t<div class=\"elementor-element elementor-element-04ea382 elementor-widget elementor-widget-text-editor\" data-id=\"04ea382\" data-element_type=\"widget\" data-widget_type=\"text-editor.default\">\n\t\t\t\t<div class=\"elementor-widget-container\">\n\t\t\t\t\t\t\t\t<p>Cirurgi\u00e3o-Dentista<br \/>CRO-RS 33465<\/p>\t\t\t\t\t\t<\/div>\n\t\t\t\t<\/div>\n\t\t\t\t\t<\/div>\n\t\t<\/div>\n\t\t\t\t<div class=\"has_ma_el_bg_slider elementor-column elementor-col-33 elementor-top-column elementor-element elementor-element-e28bc98\" data-id=\"e28bc98\" data-element_type=\"column\">\n\t\t\t<div class=\"elementor-widget-wrap elementor-element-populated\">\n\t\t\t\t\t\t\t\t<div class=\"elementor-element elementor-element-5ad7ecb elementor-widget elementor-widget-image\" data-id=\"5ad7ecb\" data-element_type=\"widget\" data-widget_type=\"image.default\">\n\t\t\t\t<div class=\"elementor-widget-container\">\n\t\t\t\t\t\t\t\t\t\t\t\t\t\t\t<img loading=\"lazy\" decoding=\"async\" width=\"200\" height=\"200\" src=\"https:\/\/demariodontologia.com.br\/wp-content\/uploads\/2021\/08\/mabel.png\" class=\"attachment-large size-large\" alt=\"\" srcset=\"https:\/\/demariodontologia.com.br\/wp-content\/uploads\/2021\/08\/mabel.png 200w, https:\/\/demariodontologia.com.br\/wp-content\/uploads\/2021\/08\/mabel-150x150.png 150w\" sizes=\"auto, (max-width: 200px) 100vw, 200px\" \/>\t\t\t\t\t\t\t\t\t\t\t\t\t\t\t<\/div>\n\t\t\t\t<\/div>\n\t\t\t\t<div class=\"elementor-element elementor-element-7661e79 elementor-widget elementor-widget-heading\" data-id=\"7661e79\" data-element_type=\"widget\" data-widget_type=\"heading.default\">\n\t\t\t\t<div class=\"elementor-widget-container\">\n\t\t\t<h2 class=\"elementor-heading-title elementor-size-default\">Dra. Mabel Dall'Oglio<\/h2>\t\t<\/div>\n\t\t\t\t<\/div>\n\t\t\t\t<div class=\"elementor-element elementor-element-4cfe5cc elementor-widget elementor-widget-text-editor\" data-id=\"4cfe5cc\" data-element_type=\"widget\" data-widget_type=\"text-editor.default\">\n\t\t\t\t<div class=\"elementor-widget-container\">\n\t\t\t\t\t\t\t\t<p>Cirurgi\u00e3-Dentista<br \/>CRO-RS 16169<\/p>\t\t\t\t\t\t<\/div>\n\t\t\t\t<\/div>\n\t\t\t\t\t<\/div>\n\t\t<\/div>\n\t\t\t\t\t\t\t<\/div>\n\t\t<\/section>\n\t\t\t\t<section class=\"has_ma_el_bg_slider elementor-section elementor-top-section elementor-element elementor-element-d28e61d elementor-section-boxed elementor-section-height-default elementor-section-height-default\" data-id=\"d28e61d\" data-element_type=\"section\">\n\t\t\t\t\t\t<div class=\"elementor-container elementor-column-gap-no\">\n\t\t\t\t\t<div class=\"has_ma_el_bg_slider elementor-column elementor-col-50 elementor-top-column elementor-element elementor-element-8c79e90\" data-id=\"8c79e90\" data-element_type=\"column\">\n\t\t\t<div class=\"elementor-widget-wrap elementor-element-populated\">\n\t\t\t\t\t\t\t\t<div class=\"elementor-element elementor-element-1ec1b16 elementor-widget elementor-widget-image\" data-id=\"1ec1b16\" data-element_type=\"widget\" data-widget_type=\"image.default\">\n\t\t\t\t<div class=\"elementor-widget-container\">\n\t\t\t\t\t\t\t\t\t\t\t\t\t\t\t<img loading=\"lazy\" decoding=\"async\" width=\"200\" height=\"200\" src=\"https:\/\/demariodontologia.com.br\/wp-content\/uploads\/2021\/08\/cris.png\" class=\"attachment-large size-large\" alt=\"\" srcset=\"https:\/\/demariodontologia.com.br\/wp-content\/uploads\/2021\/08\/cris.png 200w, https:\/\/demariodontologia.com.br\/wp-content\/uploads\/2021\/08\/cris-150x150.png 150w\" sizes=\"auto, (max-width: 200px) 100vw, 200px\" \/>\t\t\t\t\t\t\t\t\t\t\t\t\t\t\t<\/div>\n\t\t\t\t<\/div>\n\t\t\t\t<div class=\"elementor-element elementor-element-c2e2eaa elementor-widget elementor-widget-heading\" data-id=\"c2e2eaa\" data-element_type=\"widget\" data-widget_type=\"heading.default\">\n\t\t\t\t<div class=\"elementor-widget-container\">\n\t\t\t<h2 class=\"elementor-heading-title elementor-size-default\">Cris Valerius<\/h2>\t\t<\/div>\n\t\t\t\t<\/div>\n\t\t\t\t<div class=\"elementor-element elementor-element-25ba05f elementor-widget elementor-widget-text-editor\" data-id=\"25ba05f\" data-element_type=\"widget\" data-widget_type=\"text-editor.default\">\n\t\t\t\t<div class=\"elementor-widget-container\">\n\t\t\t\t\t\t\t\t<p>Assistente de Sa\u00fade Bucal<\/p>\t\t\t\t\t\t<\/div>\n\t\t\t\t<\/div>\n\t\t\t\t\t<\/div>\n\t\t<\/div>\n\t\t\t\t<div class=\"has_ma_el_bg_slider elementor-column elementor-col-50 elementor-top-column elementor-element elementor-element-d332aa6\" data-id=\"d332aa6\" data-element_type=\"column\">\n\t\t\t<div class=\"elementor-widget-wrap elementor-element-populated\">\n\t\t\t\t\t\t\t\t<div class=\"elementor-element elementor-element-0991fdf elementor-widget elementor-widget-image\" data-id=\"0991fdf\" data-element_type=\"widget\" data-widget_type=\"image.default\">\n\t\t\t\t<div class=\"elementor-widget-container\">\n\t\t\t\t\t\t\t\t\t\t\t\t\t\t\t<img loading=\"lazy\" decoding=\"async\" width=\"200\" height=\"200\" src=\"https:\/\/demariodontologia.com.br\/wp-content\/uploads\/2022\/05\/deise.png\" class=\"attachment-large size-large\" alt=\"\" srcset=\"https:\/\/demariodontologia.com.br\/wp-content\/uploads\/2022\/05\/deise.png 200w, https:\/\/demariodontologia.com.br\/wp-content\/uploads\/2022\/05\/deise-150x150.png 150w\" sizes=\"auto, (max-width: 200px) 100vw, 200px\" \/>\t\t\t\t\t\t\t\t\t\t\t\t\t\t\t<\/div>\n\t\t\t\t<\/div>\n\t\t\t\t<div class=\"elementor-element elementor-element-01ab2bb elementor-widget elementor-widget-heading\" data-id=\"01ab2bb\" data-element_type=\"widget\" data-widget_type=\"heading.default\">\n\t\t\t\t<div class=\"elementor-widget-container\">\n\t\t\t<h2 class=\"elementor-heading-title elementor-size-default\">Deise Rockenbach<\/h2>\t\t<\/div>\n\t\t\t\t<\/div>\n\t\t\t\t<div class=\"elementor-element elementor-element-0ec7da0 elementor-widget elementor-widget-text-editor\" data-id=\"0ec7da0\" data-element_type=\"widget\" data-widget_type=\"text-editor.default\">\n\t\t\t\t<div class=\"elementor-widget-container\">\n\t\t\t\t\t\t\t\t<p>Assistente de Sa\u00fade Bucal<\/p>\t\t\t\t\t\t<\/div>\n\t\t\t\t<\/div>\n\t\t\t\t\t<\/div>\n\t\t<\/div>\n\t\t\t\t\t\t\t<\/div>\n\t\t<\/section>\n\t\t\t\t\t\t<\/div>\n\t\t\t\t\t<\/div>\n\t\t","protected":false},"excerpt":{"rendered":"<p>Nossa Equipe Possu\u00edmos uma equipe multidisciplinar com a miss\u00e3o de restabelecer sua sa\u00fade bucal e seu bem-estar. Dr. Carlos Alberto De Mari Cirurgi\u00e3o-DentistaCRO 10011 Gustavo Schneider De Mari Cirurgi\u00e3o-DentistaCRO-RS 33465 Dra. Mabel Dall&#8217;Oglio Cirurgi\u00e3-DentistaCRO-RS 16169 Cris Valerius Assistente de Sa\u00fade Bucal Deise Rockenbach Assistente de Sa\u00fade Bucal<\/p>\n","protected":false},"author":1,"featured_media":0,"parent":0,"menu_order":0,"comment_status":"closed","ping_status":"closed","template":"page-templates\/template-pagebuilder-full-width.php","meta":{"neve_meta_sidebar":"full-width","neve_meta_container":"","neve_meta_enable_content_width":"on","neve_meta_content_width":100,"neve_meta_title_alignment":"","neve_meta_author_avatar":"","neve_post_elements_order":"","neve_meta_disable_header":"","neve_meta_disable_footer":"","neve_meta_disable_title":"","_joinchat":[],"footnotes":""},"class_list":["post-28","page","type-page","status-publish","hentry"],"yoast_head":"<!-- This site is optimized with the Yoast SEO plugin v21.1 - https:\/\/yoast.com\/wordpress\/plugins\/seo\/ -->\n<title>equipe - Dr Carlos Alberto de Mari<\/title>\n<meta name=\"robots\" content=\"index, follow, max-snippet:-1, max-image-preview:large, max-video-preview:-1\" \/>\n<link rel=\"canonical\" href=\"https:\/\/demariodontologia.com.br\/index.php\/equipe\/\" \/>\n<meta property=\"og:locale\" content=\"pt_BR\" \/>\n<meta property=\"og:type\" content=\"article\" \/>\n<meta property=\"og:title\" content=\"equipe - Dr Carlos Alberto de Mari\" \/>\n<meta property=\"og:description\" content=\"Nossa Equipe Possu\u00edmos uma equipe multidisciplinar com a miss\u00e3o de restabelecer sua sa\u00fade bucal e seu bem-estar. Dr. Carlos Alberto De Mari Cirurgi\u00e3o-DentistaCRO 10011 Gustavo Schneider De Mari Cirurgi\u00e3o-DentistaCRO-RS 33465 Dra. Mabel Dall&#8217;Oglio Cirurgi\u00e3-DentistaCRO-RS 16169 Cris Valerius Assistente de Sa\u00fade Bucal Deise Rockenbach Assistente de Sa\u00fade Bucal\" \/>\n<meta property=\"og:url\" content=\"https:\/\/demariodontologia.com.br\/index.php\/equipe\/\" \/>\n<meta property=\"og:site_name\" content=\"Dr Carlos Alberto de Mari\" \/>\n<meta property=\"article:publisher\" content=\"https:\/\/www.facebook.com\/dentistadrcarlosdemari\" \/>\n<meta property=\"article:modified_time\" content=\"2026-05-11T19:03:46+00:00\" \/>\n<meta property=\"og:image\" content=\"https:\/\/demariodontologia.com.br\/wp-content\/uploads\/2021\/07\/carlos-3.png\" \/>\n<meta name=\"twitter:card\" content=\"summary_large_image\" \/>\n<meta name=\"twitter:label1\" content=\"Est. tempo de leitura\" \/>\n\t<meta name=\"twitter:data1\" content=\"2 minutos\" \/>\n<script type=\"application\/ld+json\" class=\"yoast-schema-graph\">{\"@context\":\"https:\/\/schema.org\",\"@graph\":[{\"@type\":\"WebPage\",\"@id\":\"https:\/\/demariodontologia.com.br\/index.php\/equipe\/\",\"url\":\"https:\/\/demariodontologia.com.br\/index.php\/equipe\/\",\"name\":\"equipe - Dr Carlos Alberto de Mari\",\"isPartOf\":{\"@id\":\"https:\/\/demariodontologia.com.br\/#website\"},\"datePublished\":\"2021-07-29T23:48:55+00:00\",\"dateModified\":\"2026-05-11T19:03:46+00:00\",\"breadcrumb\":{\"@id\":\"https:\/\/demariodontologia.com.br\/index.php\/equipe\/#breadcrumb\"},\"inLanguage\":\"pt-BR\",\"potentialAction\":[{\"@type\":\"ReadAction\",\"target\":[\"https:\/\/demariodontologia.com.br\/index.php\/equipe\/\"]}]},{\"@type\":\"BreadcrumbList\",\"@id\":\"https:\/\/demariodontologia.com.br\/index.php\/equipe\/#breadcrumb\",\"itemListElement\":[{\"@type\":\"ListItem\",\"position\":1,\"name\":\"Home\",\"item\":\"https:\/\/demariodontologia.com.br\/\"},{\"@type\":\"ListItem\",\"position\":2,\"name\":\"equipe\"}]},{\"@type\":\"WebSite\",\"@id\":\"https:\/\/demariodontologia.com.br\/#website\",\"url\":\"https:\/\/demariodontologia.com.br\/\",\"name\":\"Dr Carlos Alberto de Mari\",\"description\":\"\",\"publisher\":{\"@id\":\"https:\/\/demariodontologia.com.br\/#organization\"},\"potentialAction\":[{\"@type\":\"SearchAction\",\"target\":{\"@type\":\"EntryPoint\",\"urlTemplate\":\"https:\/\/demariodontologia.com.br\/?s={search_term_string}\"},\"query-input\":\"required name=search_term_string\"}],\"inLanguage\":\"pt-BR\"},{\"@type\":\"Organization\",\"@id\":\"https:\/\/demariodontologia.com.br\/#organization\",\"name\":\"Dr Carlos Alberto de Mari\",\"url\":\"https:\/\/demariodontologia.com.br\/\",\"logo\":{\"@type\":\"ImageObject\",\"inLanguage\":\"pt-BR\",\"@id\":\"https:\/\/demariodontologia.com.br\/#\/schema\/logo\/image\/\",\"url\":\"https:\/\/demariodontologia.com.br\/wp-content\/uploads\/2021\/07\/logo_novo_menu_120px.png\",\"contentUrl\":\"https:\/\/demariodontologia.com.br\/wp-content\/uploads\/2021\/07\/logo_novo_menu_120px.png\",\"width\":120,\"height\":29,\"caption\":\"Dr Carlos Alberto de Mari\"},\"image\":{\"@id\":\"https:\/\/demariodontologia.com.br\/#\/schema\/logo\/image\/\"},\"sameAs\":[\"https:\/\/www.facebook.com\/dentistadrcarlosdemari\"]}]}<\/script>\n<!-- \/ Yoast SEO plugin. -->","yoast_head_json":{"title":"equipe - Dr Carlos Alberto de Mari","robots":{"index":"index","follow":"follow","max-snippet":"max-snippet:-1","max-image-preview":"max-image-preview:large","max-video-preview":"max-video-preview:-1"},"canonical":"https:\/\/demariodontologia.com.br\/index.php\/equipe\/","og_locale":"pt_BR","og_type":"article","og_title":"equipe - Dr Carlos Alberto de Mari","og_description":"Nossa Equipe Possu\u00edmos uma equipe multidisciplinar com a miss\u00e3o de restabelecer sua sa\u00fade bucal e seu bem-estar. Dr. Carlos Alberto De Mari Cirurgi\u00e3o-DentistaCRO 10011 Gustavo Schneider De Mari Cirurgi\u00e3o-DentistaCRO-RS 33465 Dra. Mabel Dall&#8217;Oglio Cirurgi\u00e3-DentistaCRO-RS 16169 Cris Valerius Assistente de Sa\u00fade Bucal Deise Rockenbach Assistente de Sa\u00fade Bucal","og_url":"https:\/\/demariodontologia.com.br\/index.php\/equipe\/","og_site_name":"Dr Carlos Alberto de Mari","article_publisher":"https:\/\/www.facebook.com\/dentistadrcarlosdemari","article_modified_time":"2026-05-11T19:03:46+00:00","og_image":[{"url":"https:\/\/demariodontologia.com.br\/wp-content\/uploads\/2021\/07\/carlos-3.png"}],"twitter_card":"summary_large_image","twitter_misc":{"Est. tempo de leitura":"2 minutos"},"schema":{"@context":"https:\/\/schema.org","@graph":[{"@type":"WebPage","@id":"https:\/\/demariodontologia.com.br\/index.php\/equipe\/","url":"https:\/\/demariodontologia.com.br\/index.php\/equipe\/","name":"equipe - Dr Carlos Alberto de Mari","isPartOf":{"@id":"https:\/\/demariodontologia.com.br\/#website"},"datePublished":"2021-07-29T23:48:55+00:00","dateModified":"2026-05-11T19:03:46+00:00","breadcrumb":{"@id":"https:\/\/demariodontologia.com.br\/index.php\/equipe\/#breadcrumb"},"inLanguage":"pt-BR","potentialAction":[{"@type":"ReadAction","target":["https:\/\/demariodontologia.com.br\/index.php\/equipe\/"]}]},{"@type":"BreadcrumbList","@id":"https:\/\/demariodontologia.com.br\/index.php\/equipe\/#breadcrumb","itemListElement":[{"@type":"ListItem","position":1,"name":"Home","item":"https:\/\/demariodontologia.com.br\/"},{"@type":"ListItem","position":2,"name":"equipe"}]},{"@type":"WebSite","@id":"https:\/\/demariodontologia.com.br\/#website","url":"https:\/\/demariodontologia.com.br\/","name":"Dr Carlos Alberto de Mari","description":"","publisher":{"@id":"https:\/\/demariodontologia.com.br\/#organization"},"potentialAction":[{"@type":"SearchAction","target":{"@type":"EntryPoint","urlTemplate":"https:\/\/demariodontologia.com.br\/?s={search_term_string}"},"query-input":"required name=search_term_string"}],"inLanguage":"pt-BR"},{"@type":"Organization","@id":"https:\/\/demariodontologia.com.br\/#organization","name":"Dr Carlos Alberto de Mari","url":"https:\/\/demariodontologia.com.br\/","logo":{"@type":"ImageObject","inLanguage":"pt-BR","@id":"https:\/\/demariodontologia.com.br\/#\/schema\/logo\/image\/","url":"https:\/\/demariodontologia.com.br\/wp-content\/uploads\/2021\/07\/logo_novo_menu_120px.png","contentUrl":"https:\/\/demariodontologia.com.br\/wp-content\/uploads\/2021\/07\/logo_novo_menu_120px.png","width":120,"height":29,"caption":"Dr Carlos Alberto de Mari"},"image":{"@id":"https:\/\/demariodontologia.com.br\/#\/schema\/logo\/image\/"},"sameAs":["https:\/\/www.facebook.com\/dentistadrcarlosdemari"]}]}},"_links":{"self":[{"href":"https:\/\/demariodontologia.com.br\/index.php\/wp-json\/wp\/v2\/pages\/28","targetHints":{"allow":["GET"]}}],"collection":[{"href":"https:\/\/demariodontologia.com.br\/index.php\/wp-json\/wp\/v2\/pages"}],"about":[{"href":"https:\/\/demariodontologia.com.br\/index.php\/wp-json\/wp\/v2\/types\/page"}],"author":[{"embeddable":true,"href":"https:\/\/demariodontologia.com.br\/index.php\/wp-json\/wp\/v2\/users\/1"}],"replies":[{"embeddable":true,"href":"https:\/\/demariodontologia.com.br\/index.php\/wp-json\/wp\/v2\/comments?post=28"}],"version-history":[{"count":91,"href":"https:\/\/demariodontologia.com.br\/index.php\/wp-json\/wp\/v2\/pages\/28\/revisions"}],"predecessor-version":[{"id":1109,"href":"https:\/\/demariodontologia.com.br\/index.php\/wp-json\/wp\/v2\/pages\/28\/revisions\/1109"}],"wp:attachment":[{"href":"https:\/\/demariodontologia.com.br\/index.php\/wp-json\/wp\/v2\/media?parent=28"}],"curies":[{"name":"wp","href":"https:\/\/api.w.org\/{rel}","templated":true}]}}